{"id":29354,"date":"2025-08-07T16:26:18","date_gmt":"2025-08-07T14:26:18","guid":{"rendered":"https:\/\/www.rotek-motoren.de\/?page_id=29354"},"modified":"2026-01-19T10:41:40","modified_gmt":"2026-01-19T09:41:40","slug":"newsletter","status":"publish","type":"page","link":"https:\/\/www.rotek-motoren.de\/en\/newsletter\/","title":{"rendered":"Newsletter"},"content":{"rendered":"\t\t<div data-elementor-type=\"wp-page\" data-elementor-id=\"29354\" class=\"elementor elementor-29354\" data-elementor-post-type=\"page\">\n\t\t\t\t<div class=\"elementor-element elementor-element-692aa4a1 e-flex e-con-boxed e-con e-parent\" data-id=\"692aa4a1\" data-element_type=\"container\" data-e-type=\"container\" data-settings=\"{&quot;background_background&quot;:&quot;classic&quot;}\">\n\t\t\t\t\t<div class=\"e-con-inner\">\n\t\t\t\t<div class=\"elementor-element elementor-element-7d996794 rotek-headline elementor-widget elementor-widget-heading\" data-id=\"7d996794\" data-element_type=\"widget\" data-e-type=\"widget\" data-widget_type=\"heading.default\">\n\t\t\t\t<div class=\"elementor-widget-container\">\n\t\t\t\t\t<h2 class=\"elementor-heading-title elementor-size-default\">Newsletter<\/h2>\t\t\t\t<\/div>\n\t\t\t\t<\/div>\n\t\t<div class=\"elementor-element elementor-element-195a312e e-flex e-con-boxed e-con e-child\" data-id=\"195a312e\" data-element_type=\"container\" data-e-type=\"container\">\n\t\t\t\t\t<div class=\"e-con-inner\">\n\t\t<div class=\"elementor-element elementor-element-4caecba9 e-flex e-con-boxed e-con e-child\" data-id=\"4caecba9\" data-element_type=\"container\" data-e-type=\"container\" data-settings=\"{&quot;background_background&quot;:&quot;classic&quot;}\">\n\t\t\t\t\t<div class=\"e-con-inner\">\n\t\t\t\t<div class=\"elementor-element elementor-element-6da8a13b elementor-widget elementor-widget-heading\" data-id=\"6da8a13b\" data-element_type=\"widget\" data-e-type=\"widget\" data-widget_type=\"heading.default\">\n\t\t\t\t<div class=\"elementor-widget-container\">\n\t\t\t\t\t<h1 class=\"elementor-heading-title elementor-size-default\">Jetzt eintragen<\/h1>\t\t\t\t<\/div>\n\t\t\t\t<\/div>\n\t\t\t\t<div class=\"elementor-element elementor-element-7fa19648 elementor-widget elementor-widget-text-editor\" data-id=\"7fa19648\" data-element_type=\"widget\" data-e-type=\"widget\" data-widget_type=\"text-editor.default\">\n\t\t\t\t<div class=\"elementor-widget-container\">\n\t\t\t\t\t\t\t\t\t<p>Erhalten Sie praxisnahe Auswahlhilfen, technische Einblicke und exklusive Updates, um die beste Antriebsl\u00f6sung f\u00fcr Ihre Konstruktion zu finden. Pr\u00e4zise, relevant und direkt anwendbar.<\/p>\t\t\t\t\t\t\t\t<\/div>\n\t\t\t\t<\/div>\n\t\t\t\t<div class=\"elementor-element elementor-element-53363768 elementor-button-align-start elementor-widget elementor-widget-form\" data-id=\"53363768\" data-element_type=\"widget\" data-e-type=\"widget\" data-settings=\"{&quot;step_next_label&quot;:&quot;N\\u00e4chster&quot;,&quot;step_previous_label&quot;:&quot;Voriger&quot;,&quot;button_width&quot;:&quot;100&quot;,&quot;step_type&quot;:&quot;number_text&quot;,&quot;step_icon_shape&quot;:&quot;circle&quot;}\" data-widget_type=\"form.default\">\n\t\t\t\t<div class=\"elementor-widget-container\">\n\t\t\t\t\t\t\t<form class=\"elementor-form\" method=\"post\" name=\"Newsletter-Anmeldung\" aria-label=\"Newsletter-Anmeldung\">\n\t\t\t<input type=\"hidden\" name=\"post_id\" value=\"29354\"\/>\n\t\t\t<input type=\"hidden\" name=\"form_id\" value=\"53363768\"\/>\n\t\t\t<input type=\"hidden\" name=\"referer_title\" value=\"ROTEK Motoren &amp; Getriebe\" \/>\n\n\t\t\t\n\t\t\t<div class=\"elementor-form-fields-wrapper elementor-labels-above\">\n\t\t\t\t\t\t\t\t<div class=\"elementor-field-type-select elementor-field-group elementor-column elementor-field-group-field_f587acc elementor-col-50 elementor-field-required\">\n\t\t\t\t\t\t\t\t\t\t\t\t<label for=\"form-field-field_f587acc\" class=\"elementor-field-label\">\n\t\t\t\t\t\t\t\tAnrede\t\t\t\t\t\t\t<\/label>\n\t\t\t\t\t\t\t\t<div class=\"elementor-field elementor-select-wrapper remove-before \">\n\t\t\t<div class=\"select-caret-down-wrapper\">\n\t\t\t\t<i aria-hidden=\"true\" class=\"eicon-caret-down\"><\/i>\t\t\t<\/div>\n\t\t\t<select name=\"form_fields[field_f587acc]\" id=\"form-field-field_f587acc\" class=\"elementor-field-textual elementor-size-sm\" required=\"required\">\n\t\t\t\t\t\t\t\t\t<option value=\"Bitte w\u00e4hlen...\">Bitte w\u00e4hlen...<\/option>\n\t\t\t\t\t\t\t\t\t<option value=\"Herr\">Herr<\/option>\n\t\t\t\t\t\t\t\t\t<option value=\"Frau\">Frau<\/option>\n\t\t\t\t\t\t\t<\/select>\n\t\t<\/div>\n\t\t\t\t\t\t<\/div>\n\t\t\t\t\t\t\t\t<div class=\"elementor-field-type-email elementor-field-group elementor-column elementor-field-group-email elementor-col-50 elementor-field-required\">\n\t\t\t\t\t\t\t\t\t\t\t\t<label for=\"form-field-email\" class=\"elementor-field-label\">\n\t\t\t\t\t\t\t\tE-Mail\t\t\t\t\t\t\t<\/label>\n\t\t\t\t\t\t\t\t\t\t\t\t\t\t<input size=\"1\" type=\"email\" name=\"form_fields[email]\" id=\"form-field-email\" class=\"elementor-field elementor-size-sm  elementor-field-textual\" placeholder=\"E-Mail\" required=\"required\">\n\t\t\t\t\t\t\t\t\t\t\t<\/div>\n\t\t\t\t\t\t\t\t<div class=\"elementor-field-type-text elementor-field-group elementor-column elementor-field-group-name elementor-col-50 elementor-field-required\">\n\t\t\t\t\t\t\t\t\t\t\t\t<label for=\"form-field-name\" class=\"elementor-field-label\">\n\t\t\t\t\t\t\t\tVorname\t\t\t\t\t\t\t<\/label>\n\t\t\t\t\t\t\t\t\t\t\t\t\t\t<input size=\"1\" type=\"text\" name=\"form_fields[name]\" id=\"form-field-name\" class=\"elementor-field elementor-size-sm  elementor-field-textual\" placeholder=\"Vorname\" required=\"required\">\n\t\t\t\t\t\t\t\t\t\t\t<\/div>\n\t\t\t\t\t\t\t\t<div class=\"elementor-field-type-text elementor-field-group elementor-column elementor-field-group-field_69fe529 elementor-col-50 elementor-field-required\">\n\t\t\t\t\t\t\t\t\t\t\t\t<label for=\"form-field-field_69fe529\" class=\"elementor-field-label\">\n\t\t\t\t\t\t\t\tNachname\t\t\t\t\t\t\t<\/label>\n\t\t\t\t\t\t\t\t\t\t\t\t\t\t<input size=\"1\" type=\"text\" name=\"form_fields[field_69fe529]\" id=\"form-field-field_69fe529\" class=\"elementor-field elementor-size-sm  elementor-field-textual\" placeholder=\"Nachname\" required=\"required\">\n\t\t\t\t\t\t\t\t\t\t\t<\/div>\n\t\t\t\t\t\t\t\t<div class=\"elementor-field-type-acceptance elementor-field-group elementor-column elementor-field-group-field_515f31b elementor-col-100 elementor-field-required\">\n\t\t\t\t\t\t\t<div class=\"elementor-field-subgroup\">\n\t\t\t<span class=\"elementor-field-option\">\n\t\t\t\t<input type=\"checkbox\" name=\"form_fields[field_515f31b]\" id=\"form-field-field_515f31b\" class=\"elementor-field elementor-size-sm  elementor-acceptance-field\" required=\"required\">\n\t\t\t\t<label for=\"form-field-field_515f31b\">* Ich stimme zu, den Rotek-Newsletter mit Informationen zu Produkten, Anwendungsbeispielen und Unternehmens-Updates zu erhalten. Die  <a href=\"\/datenschutzerklaerung\/\">Datenschutzerkl\u00e4rung<\/a> habe ich zur Kenntnis genommen. Meine Einwilligung kann ich jederzeit widerrufen, z.B. \u00fcber den Abmelde-Link in jeder E-Mail.<\/label>\t\t\t<\/span>\n\t\t<\/div>\n\t\t\t\t\t\t<\/div>\n\t\t\t\t\t\t\t\t<div class=\"elementor-field-type-text\">\n\t\t\t\t\t<input size=\"1\" type=\"text\" name=\"form_fields[field_8fe8a47]\" id=\"form-field-field_8fe8a47\" class=\"elementor-field elementor-size-sm \" style=\"display:none !important;\">\t\t\t\t<\/div>\n\t\t\t\t\t\t\t\t<div class=\"elementor-field-type-recaptcha_v3 elementor-field-group elementor-column elementor-field-group-field_19dfdb7 elementor-col-100 recaptcha_v3-bottomright\">\n\t\t\t\t\t<div class=\"elementor-field\" id=\"form-field-field_19dfdb7\"><div class=\"elementor-g-recaptcha\" data-sitekey=\"6Ld8hh0sAAAAAIXbIvfwbTZHaY7soRxV5qt5lj2X\" data-type=\"v3\" data-action=\"Form\" data-badge=\"bottomright\" data-size=\"invisible\"><\/div><\/div>\t\t\t\t<\/div>\n\t\t\t\t\t\t\t\t<div class=\"elementor-field-group elementor-column elementor-field-type-submit elementor-col-100 e-form__buttons\">\n\t\t\t\t\t<button class=\"elementor-button elementor-size-sm\" type=\"submit\">\n\t\t\t\t\t\t<span class=\"elementor-button-content-wrapper\">\n\t\t\t\t\t\t\t\t\t\t\t\t\t\t\t\t\t\t\t\t\t\t<span class=\"elementor-button-text\">Abonnieren<\/span>\n\t\t\t\t\t\t\t\t\t\t\t\t\t<\/span>\n\t\t\t\t\t<\/button>\n\t\t\t\t<\/div>\n\t\t\t<\/div>\n\t\t<\/form>\n\t\t\t\t\t\t<\/div>\n\t\t\t\t<\/div>\n\t\t\t\t\t<\/div>\n\t\t\t\t<\/div>\n\t\t\t\t\t<\/div>\n\t\t\t\t<\/div>\n\t\t\t\t\t<\/div>\n\t\t\t\t<\/div>\n\t\t<div class=\"elementor-element elementor-element-2ced19e0 e-flex e-con-boxed e-con e-parent\" data-id=\"2ced19e0\" data-element_type=\"container\" data-e-type=\"container\">\n\t\t\t\t\t<div class=\"e-con-inner\">\n\t\t\t\t<div class=\"elementor-element elementor-element-5f243d81 rotek-headline elementor-widget elementor-widget-heading\" data-id=\"5f243d81\" data-element_type=\"widget\" data-e-type=\"widget\" data-widget_type=\"heading.default\">\n\t\t\t\t<div class=\"elementor-widget-container\">\n\t\t\t\t\t<h2 class=\"elementor-heading-title elementor-size-default\">Ihre Vorteile auf einen Blick<\/h2>\t\t\t\t<\/div>\n\t\t\t\t<\/div>\n\t\t\t\t\t<\/div>\n\t\t\t\t<\/div>\n\t\t<div class=\"elementor-element elementor-element-20d29ddb e-grid e-con-boxed e-con e-parent\" data-id=\"20d29ddb\" data-element_type=\"container\" data-e-type=\"container\">\n\t\t\t\t\t<div class=\"e-con-inner\">\n\t\t<div class=\"elementor-element elementor-element-537d01a6 e-con-full duo-box-content e-flex e-con e-child\" data-id=\"537d01a6\" data-element_type=\"container\" data-e-type=\"container\" data-settings=\"{&quot;background_background&quot;:&quot;classic&quot;}\">\n\t\t\t\t<div class=\"elementor-element elementor-element-2c1ef3b5 elementor-widget elementor-widget-heading\" data-id=\"2c1ef3b5\" data-element_type=\"widget\" data-e-type=\"widget\" data-widget_type=\"heading.default\">\n\t\t\t\t<div class=\"elementor-widget-container\">\n\t\t\t\t\t<h3 class=\"elementor-heading-title elementor-size-default\">Praktische Auswahlhilfen<\/h3>\t\t\t\t<\/div>\n\t\t\t\t<\/div>\n\t\t\t\t<div class=\"elementor-element elementor-element-1018bab7 elementor-widget-divider--view-line elementor-widget elementor-widget-divider\" data-id=\"1018bab7\" data-element_type=\"widget\" data-e-type=\"widget\" data-widget_type=\"divider.default\">\n\t\t\t\t<div class=\"elementor-widget-container\">\n\t\t\t\t\t\t\t<div class=\"elementor-divider\">\n\t\t\t<span class=\"elementor-divider-separator\">\n\t\t\t\t\t\t<\/span>\n\t\t<\/div>\n\t\t\t\t\t\t<\/div>\n\t\t\t\t<\/div>\n\t\t\t\t<div class=\"elementor-element elementor-element-295cc42a elementor-widget elementor-widget-text-editor\" data-id=\"295cc42a\" data-element_type=\"widget\" data-e-type=\"widget\" data-widget_type=\"text-editor.default\">\n\t\t\t\t<div class=\"elementor-widget-container\">\n\t\t\t\t\t\t\t\t\t<p>Treffen Sie mit klaren Vergleichen unserer Motor-Baureihen (z.B. ROMOTION vs. ROSYNC) die technisch und wirtschaftlich beste Wahl f\u00fcr Ihre konkrete Anwendung.<\/p>\t\t\t\t\t\t\t\t<\/div>\n\t\t\t\t<\/div>\n\t\t\t\t<\/div>\n\t\t<div class=\"elementor-element elementor-element-6e8080a3 e-con-full duo-box-content e-flex e-con e-child\" data-id=\"6e8080a3\" data-element_type=\"container\" data-e-type=\"container\" data-settings=\"{&quot;background_background&quot;:&quot;classic&quot;}\">\n\t\t\t\t<div class=\"elementor-element elementor-element-14c6fa8f elementor-widget elementor-widget-heading\" data-id=\"14c6fa8f\" data-element_type=\"widget\" data-e-type=\"widget\" data-widget_type=\"heading.default\">\n\t\t\t\t<div class=\"elementor-widget-container\">\n\t\t\t\t\t<h3 class=\"elementor-heading-title elementor-size-default\">Technische Deep Dives &amp; Support<\/h3>\t\t\t\t<\/div>\n\t\t\t\t<\/div>\n\t\t\t\t<div class=\"elementor-element elementor-element-1129c4c1 elementor-widget-divider--view-line elementor-widget elementor-widget-divider\" data-id=\"1129c4c1\" data-element_type=\"widget\" data-e-type=\"widget\" data-widget_type=\"divider.default\">\n\t\t\t\t<div class=\"elementor-widget-container\">\n\t\t\t\t\t\t\t<div class=\"elementor-divider\">\n\t\t\t<span class=\"elementor-divider-separator\">\n\t\t\t\t\t\t<\/span>\n\t\t<\/div>\n\t\t\t\t\t\t<\/div>\n\t\t\t\t<\/div>\n\t\t\t\t<div class=\"elementor-element elementor-element-300970a4 elementor-widget elementor-widget-text-editor\" data-id=\"300970a4\" data-element_type=\"widget\" data-e-type=\"widget\" data-widget_type=\"text-editor.default\">\n\t\t\t\t<div class=\"elementor-widget-container\">\n\t\t\t\t\t\t\t\t\t<p>Verstehen Sie, wie unsere Antriebe komplexe Aufgaben l\u00f6sen, und gelangen Sie mit dem Online-Konfigurator in wenigen Klicks direkt zum passenden 3D-CAD-Modell.<\/p>\t\t\t\t\t\t\t\t<\/div>\n\t\t\t\t<\/div>\n\t\t\t\t<\/div>\n\t\t<div class=\"elementor-element elementor-element-6f45098b e-con-full duo-box-content e-flex e-con e-child\" data-id=\"6f45098b\" data-element_type=\"container\" data-e-type=\"container\" data-settings=\"{&quot;background_background&quot;:&quot;classic&quot;}\">\n\t\t\t\t<div class=\"elementor-element elementor-element-750561e5 elementor-widget elementor-widget-heading\" data-id=\"750561e5\" data-element_type=\"widget\" data-e-type=\"widget\" data-widget_type=\"heading.default\">\n\t\t\t\t<div class=\"elementor-widget-container\">\n\t\t\t\t\t<h3 class=\"elementor-heading-title elementor-size-default\">Effizienz- &amp; Kostenvorteile<\/h3>\t\t\t\t<\/div>\n\t\t\t\t<\/div>\n\t\t\t\t<div class=\"elementor-element elementor-element-430c7de3 elementor-widget-divider--view-line elementor-widget elementor-widget-divider\" data-id=\"430c7de3\" data-element_type=\"widget\" data-e-type=\"widget\" data-widget_type=\"divider.default\">\n\t\t\t\t<div class=\"elementor-widget-container\">\n\t\t\t\t\t\t\t<div class=\"elementor-divider\">\n\t\t\t<span class=\"elementor-divider-separator\">\n\t\t\t\t\t\t<\/span>\n\t\t<\/div>\n\t\t\t\t\t\t<\/div>\n\t\t\t\t<\/div>\n\t\t\t\t<div class=\"elementor-element elementor-element-51f12131 elementor-widget elementor-widget-text-editor\" data-id=\"51f12131\" data-element_type=\"widget\" data-e-type=\"widget\" data-widget_type=\"text-editor.default\">\n\t\t\t\t<div class=\"elementor-widget-container\">\n\t\t\t\t\t\t\t\t\t<p>Senken Sie Ihre Energiekosten und verbessern Sie den CO\u2082-Fu\u00dfabdruck Ihrer Anlagen durch den gezielten Einsatz unserer innovativen Antriebsl\u00f6sungen.<\/p>\t\t\t\t\t\t\t\t<\/div>\n\t\t\t\t<\/div>\n\t\t\t\t<\/div>\n\t\t<div class=\"elementor-element elementor-element-d422641 e-con-full duo-box-content e-flex e-con e-child\" data-id=\"d422641\" data-element_type=\"container\" data-e-type=\"container\" data-settings=\"{&quot;background_background&quot;:&quot;classic&quot;}\">\n\t\t\t\t<div class=\"elementor-element elementor-element-80c57ac elementor-widget elementor-widget-heading\" data-id=\"80c57ac\" data-element_type=\"widget\" data-e-type=\"widget\" data-widget_type=\"heading.default\">\n\t\t\t\t<div class=\"elementor-widget-container\">\n\t\t\t\t\t<h3 class=\"elementor-heading-title elementor-size-default\">Exklusive           \nEinblicke<\/h3>\t\t\t\t<\/div>\n\t\t\t\t<\/div>\n\t\t\t\t<div class=\"elementor-element elementor-element-63f08655 elementor-widget-divider--view-line elementor-widget elementor-widget-divider\" data-id=\"63f08655\" data-element_type=\"widget\" data-e-type=\"widget\" data-widget_type=\"divider.default\">\n\t\t\t\t<div class=\"elementor-widget-container\">\n\t\t\t\t\t\t\t<div class=\"elementor-divider\">\n\t\t\t<span class=\"elementor-divider-separator\">\n\t\t\t\t\t\t<\/span>\n\t\t<\/div>\n\t\t\t\t\t\t<\/div>\n\t\t\t\t<\/div>\n\t\t\t\t<div class=\"elementor-element elementor-element-44690a40 elementor-widget elementor-widget-text-editor\" data-id=\"44690a40\" data-element_type=\"widget\" data-e-type=\"widget\" data-widget_type=\"text-editor.default\">\n\t\t\t\t<div class=\"elementor-widget-container\">\n\t\t\t\t\t\t\t\t\t<p>Erhalten Sie als Erster alle wichtigen Unternehmens-Neuerungen und sichern Sie sich so entscheidende Vorteile f\u00fcr Ihre langfristige Projektplanung.<\/p>\t\t\t\t\t\t\t\t<\/div>\n\t\t\t\t<\/div>\n\t\t\t\t<\/div>\n\t\t\t\t\t<\/div>\n\t\t\t\t<\/div>\n\t\t\t\t<\/div>\n\t\t","protected":false},"excerpt":{"rendered":"<p>Newsletter Jetzt eintragen Erhalten Sie praxisnahe Auswahlhilfen, technische Einblicke und exklusive Updates, um die beste Antriebsl\u00f6sung f\u00fcr Ihre Konstruktion zu finden. Pr\u00e4zise, relevant und direkt anwendbar. Ihre Vorteile auf einen Blick Praktische Auswahlhilfen Treffen Sie mit klaren Vergleichen unserer Motor-Baureihen (z.B. ROMOTION vs. ROSYNC) die technisch und wirtschaftlich beste Wahl f\u00fcr Ihre konkrete Anwendung. Technische [&hellip;]<\/p>\n","protected":false},"author":8,"featured_media":0,"parent":0,"menu_order":0,"comment_status":"closed","ping_status":"closed","template":"","meta":{"inline_featured_image":false,"footnotes":""},"class_list":["post-29354","page","type-page","status-publish","hentry"],"yoast_head":"<!-- This site is optimized with the Yoast SEO plugin v27.4 - https:\/\/yoast.com\/product\/yoast-seo-wordpress\/ -->\n<title>Newsletter - ROTEK Motoren &amp; Getriebe<\/title>\n<meta name=\"description\" content=\"Praxisnahe Tipps &amp; Neuigkeiten zu Elektromotoren und Antriebstechnik \u2013 exklusiv im Rotek-Newsletter. Jetzt informieren &amp; anmelden!\" \/>\n<meta name=\"robots\" content=\"index, follow, max-snippet:-1, max-image-preview:large, max-video-preview:-1\" \/>\n<link rel=\"canonical\" href=\"https:\/\/www.rotek-motoren.de\/en\/newsletter\/\" \/>\n<meta property=\"og:locale\" content=\"en_GB\" \/>\n<meta property=\"og:type\" content=\"article\" \/>\n<meta property=\"og:title\" content=\"Newsletter - ROTEK Motoren &amp; Getriebe\" \/>\n<meta property=\"og:description\" content=\"Praxisnahe Tipps &amp; Neuigkeiten zu Elektromotoren und Antriebstechnik \u2013 exklusiv im Rotek-Newsletter. Jetzt informieren &amp; anmelden!\" \/>\n<meta property=\"og:url\" content=\"https:\/\/www.rotek-motoren.de\/en\/newsletter\/\" \/>\n<meta property=\"og:site_name\" content=\"ROTEK Motoren &amp; Getriebe\" \/>\n<meta property=\"article:publisher\" content=\"https:\/\/www.facebook.com\/profile.php?id=100063808815163\" \/>\n<meta property=\"article:modified_time\" content=\"2026-01-19T09:41:40+00:00\" \/>\n<meta property=\"og:image\" content=\"https:\/\/www.rotek-motoren.de\/wp-content\/uploads\/2022\/08\/screenshot-startseite.jpg\" \/>\n\t<meta property=\"og:image:width\" content=\"1200\" \/>\n\t<meta property=\"og:image:height\" content=\"630\" \/>\n\t<meta property=\"og:image:type\" content=\"image\/jpeg\" \/>\n<meta name=\"twitter:card\" content=\"summary_large_image\" \/>\n<meta name=\"twitter:label1\" content=\"Estimated reading time\" \/>\n\t<meta name=\"twitter:data1\" content=\"1 minute\" \/>\n<script type=\"application\/ld+json\" class=\"yoast-schema-graph\">{\"@context\":\"https:\\\/\\\/schema.org\",\"@graph\":[{\"@type\":\"WebPage\",\"@id\":\"https:\\\/\\\/www.rotek-motoren.de\\\/newsletter\\\/\",\"url\":\"https:\\\/\\\/www.rotek-motoren.de\\\/newsletter\\\/\",\"name\":\"Newsletter - ROTEK Motoren &amp; Getriebe\",\"isPartOf\":{\"@id\":\"https:\\\/\\\/www.rotek-motoren.de\\\/#website\"},\"datePublished\":\"2025-08-07T14:26:18+00:00\",\"dateModified\":\"2026-01-19T09:41:40+00:00\",\"description\":\"Praxisnahe Tipps & Neuigkeiten zu Elektromotoren und Antriebstechnik \u2013 exklusiv im Rotek-Newsletter. Jetzt informieren & anmelden!\",\"breadcrumb\":{\"@id\":\"https:\\\/\\\/www.rotek-motoren.de\\\/newsletter\\\/#breadcrumb\"},\"inLanguage\":\"en-GB\",\"potentialAction\":[{\"@type\":\"ReadAction\",\"target\":[\"https:\\\/\\\/www.rotek-motoren.de\\\/newsletter\\\/\"]}]},{\"@type\":\"BreadcrumbList\",\"@id\":\"https:\\\/\\\/www.rotek-motoren.de\\\/newsletter\\\/#breadcrumb\",\"itemListElement\":[{\"@type\":\"ListItem\",\"position\":1,\"name\":\"Startseite\",\"item\":\"https:\\\/\\\/www.rotek-motoren.de\\\/\"},{\"@type\":\"ListItem\",\"position\":2,\"name\":\"Newsletter\"}]},{\"@type\":\"WebSite\",\"@id\":\"https:\\\/\\\/www.rotek-motoren.de\\\/#website\",\"url\":\"https:\\\/\\\/www.rotek-motoren.de\\\/\",\"name\":\"ROTEK Motoren &amp; Getriebe\",\"description\":\"ROTEK GmbH &amp; Co. KG\",\"publisher\":{\"@id\":\"https:\\\/\\\/www.rotek-motoren.de\\\/#organization\"},\"potentialAction\":[{\"@type\":\"SearchAction\",\"target\":{\"@type\":\"EntryPoint\",\"urlTemplate\":\"https:\\\/\\\/www.rotek-motoren.de\\\/?s={search_term_string}\"},\"query-input\":{\"@type\":\"PropertyValueSpecification\",\"valueRequired\":true,\"valueName\":\"search_term_string\"}}],\"inLanguage\":\"en-GB\"},{\"@type\":\"Organization\",\"@id\":\"https:\\\/\\\/www.rotek-motoren.de\\\/#organization\",\"name\":\"ROTEK GMBH & CO. KG\",\"url\":\"https:\\\/\\\/www.rotek-motoren.de\\\/\",\"logo\":{\"@type\":\"ImageObject\",\"inLanguage\":\"en-GB\",\"@id\":\"https:\\\/\\\/www.rotek-motoren.de\\\/#\\\/schema\\\/logo\\\/image\\\/\",\"url\":\"https:\\\/\\\/www.rotek-motoren.de\\\/wp-content\\\/uploads\\\/2022\\\/07\\\/header_logo_rotek.svg\",\"contentUrl\":\"https:\\\/\\\/www.rotek-motoren.de\\\/wp-content\\\/uploads\\\/2022\\\/07\\\/header_logo_rotek.svg\",\"width\":100,\"height\":100,\"caption\":\"ROTEK GMBH & CO. KG\"},\"image\":{\"@id\":\"https:\\\/\\\/www.rotek-motoren.de\\\/#\\\/schema\\\/logo\\\/image\\\/\"},\"sameAs\":[\"https:\\\/\\\/www.facebook.com\\\/profile.php?id=100063808815163\",\"https:\\\/\\\/www.linkedin.com\\\/company\\\/rotek-motoren\\\/\"]}]}<\/script>\n<!-- \/ Yoast SEO plugin. -->","yoast_head_json":{"title":"Newsletter - ROTEK Motoren &amp; Getriebe","description":"Praxisnahe Tipps & Neuigkeiten zu Elektromotoren und Antriebstechnik \u2013 exklusiv im Rotek-Newsletter. Jetzt informieren & anmelden!","robots":{"index":"index","follow":"follow","max-snippet":"max-snippet:-1","max-image-preview":"max-image-preview:large","max-video-preview":"max-video-preview:-1"},"canonical":"https:\/\/www.rotek-motoren.de\/en\/newsletter\/","og_locale":"en_GB","og_type":"article","og_title":"Newsletter - ROTEK Motoren &amp; Getriebe","og_description":"Praxisnahe Tipps & Neuigkeiten zu Elektromotoren und Antriebstechnik \u2013 exklusiv im Rotek-Newsletter. Jetzt informieren & anmelden!","og_url":"https:\/\/www.rotek-motoren.de\/en\/newsletter\/","og_site_name":"ROTEK Motoren &amp; Getriebe","article_publisher":"https:\/\/www.facebook.com\/profile.php?id=100063808815163","article_modified_time":"2026-01-19T09:41:40+00:00","og_image":[{"width":1200,"height":630,"url":"https:\/\/www.rotek-motoren.de\/wp-content\/uploads\/2022\/08\/screenshot-startseite.jpg","type":"image\/jpeg"}],"twitter_card":"summary_large_image","twitter_misc":{"Estimated reading time":"1 minute"},"schema":{"@context":"https:\/\/schema.org","@graph":[{"@type":"WebPage","@id":"https:\/\/www.rotek-motoren.de\/newsletter\/","url":"https:\/\/www.rotek-motoren.de\/newsletter\/","name":"Newsletter - ROTEK Motoren &amp; Getriebe","isPartOf":{"@id":"https:\/\/www.rotek-motoren.de\/#website"},"datePublished":"2025-08-07T14:26:18+00:00","dateModified":"2026-01-19T09:41:40+00:00","description":"Praxisnahe Tipps & Neuigkeiten zu Elektromotoren und Antriebstechnik \u2013 exklusiv im Rotek-Newsletter. Jetzt informieren & anmelden!","breadcrumb":{"@id":"https:\/\/www.rotek-motoren.de\/newsletter\/#breadcrumb"},"inLanguage":"en-GB","potentialAction":[{"@type":"ReadAction","target":["https:\/\/www.rotek-motoren.de\/newsletter\/"]}]},{"@type":"BreadcrumbList","@id":"https:\/\/www.rotek-motoren.de\/newsletter\/#breadcrumb","itemListElement":[{"@type":"ListItem","position":1,"name":"Startseite","item":"https:\/\/www.rotek-motoren.de\/"},{"@type":"ListItem","position":2,"name":"Newsletter"}]},{"@type":"WebSite","@id":"https:\/\/www.rotek-motoren.de\/#website","url":"https:\/\/www.rotek-motoren.de\/","name":"ROTEK Motors &amp; Gearboxes","description":"ROTEK GmbH &amp; Co. KG","publisher":{"@id":"https:\/\/www.rotek-motoren.de\/#organization"},"potentialAction":[{"@type":"SearchAction","target":{"@type":"EntryPoint","urlTemplate":"https:\/\/www.rotek-motoren.de\/?s={search_term_string}"},"query-input":{"@type":"PropertyValueSpecification","valueRequired":true,"valueName":"search_term_string"}}],"inLanguage":"en-GB"},{"@type":"Organization","@id":"https:\/\/www.rotek-motoren.de\/#organization","name":"ROTEK GMBH &amp; CO. KG","url":"https:\/\/www.rotek-motoren.de\/","logo":{"@type":"ImageObject","inLanguage":"en-GB","@id":"https:\/\/www.rotek-motoren.de\/#\/schema\/logo\/image\/","url":"https:\/\/www.rotek-motoren.de\/wp-content\/uploads\/2022\/07\/header_logo_rotek.svg","contentUrl":"https:\/\/www.rotek-motoren.de\/wp-content\/uploads\/2022\/07\/header_logo_rotek.svg","width":100,"height":100,"caption":"ROTEK GMBH & CO. KG"},"image":{"@id":"https:\/\/www.rotek-motoren.de\/#\/schema\/logo\/image\/"},"sameAs":["https:\/\/www.facebook.com\/profile.php?id=100063808815163","https:\/\/www.linkedin.com\/company\/rotek-motoren\/"]}]}},"_links":{"self":[{"href":"https:\/\/www.rotek-motoren.de\/en\/wp-json\/wp\/v2\/pages\/29354","targetHints":{"allow":["GET"]}}],"collection":[{"href":"https:\/\/www.rotek-motoren.de\/en\/wp-json\/wp\/v2\/pages"}],"about":[{"href":"https:\/\/www.rotek-motoren.de\/en\/wp-json\/wp\/v2\/types\/page"}],"author":[{"embeddable":true,"href":"https:\/\/www.rotek-motoren.de\/en\/wp-json\/wp\/v2\/users\/8"}],"replies":[{"embeddable":true,"href":"https:\/\/www.rotek-motoren.de\/en\/wp-json\/wp\/v2\/comments?post=29354"}],"version-history":[{"count":30,"href":"https:\/\/www.rotek-motoren.de\/en\/wp-json\/wp\/v2\/pages\/29354\/revisions"}],"predecessor-version":[{"id":31668,"href":"https:\/\/www.rotek-motoren.de\/en\/wp-json\/wp\/v2\/pages\/29354\/revisions\/31668"}],"wp:attachment":[{"href":"https:\/\/www.rotek-motoren.de\/en\/wp-json\/wp\/v2\/media?parent=29354"}],"curies":[{"name":"wp","href":"https:\/\/api.w.org\/{rel}","templated":true}]}}