{"id":19,"date":"2022-07-23T13:16:07","date_gmt":"2022-07-23T11:16:07","guid":{"rendered":"http:\/\/entwicklung.rotek-motoren.de\/?page_id=19"},"modified":"2026-01-22T09:29:12","modified_gmt":"2026-01-22T08:29:12","slug":"kontakt","status":"publish","type":"page","link":"https:\/\/www.rotek-motoren.de\/en\/kontakt\/","title":{"rendered":"Contact us"},"content":{"rendered":"<div data-elementor-type=\"wp-page\" data-elementor-id=\"19\" class=\"elementor elementor-19\" data-elementor-post-type=\"page\">\n\t\t\t\t<div class=\"elementor-element elementor-element-7e42485 e-con-full e-flex e-con e-parent\" data-id=\"7e42485\" data-element_type=\"container\" data-e-type=\"container\">\n\t\t\t\t<div class=\"elementor-element elementor-element-4c22157 elementor-widget elementor-widget-image\" data-id=\"4c22157\" data-element_type=\"widget\" data-e-type=\"widget\" data-widget_type=\"image.default\">\n\t\t\t\t<div class=\"elementor-widget-container\">\n\t\t\t\t\t\t\t\t\t\t\t\t\t\t\t<img fetchpriority=\"high\" decoding=\"async\" width=\"1536\" height=\"841\" src=\"https:\/\/www.rotek-motoren.de\/wp-content\/uploads\/2026\/01\/Rotek_Gruppenbild_Buero_erweitert-web-1536x841.jpg\" class=\"attachment-1536x1536 size-1536x1536 wp-image-31679\" alt=\"\" srcset=\"https:\/\/www.rotek-motoren.de\/wp-content\/uploads\/2026\/01\/Rotek_Gruppenbild_Buero_erweitert-web-1536x841.jpg 1536w, https:\/\/www.rotek-motoren.de\/wp-content\/uploads\/2026\/01\/Rotek_Gruppenbild_Buero_erweitert-web-300x164.jpg 300w, https:\/\/www.rotek-motoren.de\/wp-content\/uploads\/2026\/01\/Rotek_Gruppenbild_Buero_erweitert-web-1024x561.jpg 1024w, https:\/\/www.rotek-motoren.de\/wp-content\/uploads\/2026\/01\/Rotek_Gruppenbild_Buero_erweitert-web-250x137.jpg 250w, https:\/\/www.rotek-motoren.de\/wp-content\/uploads\/2026\/01\/Rotek_Gruppenbild_Buero_erweitert-web-768x420.jpg 768w, https:\/\/www.rotek-motoren.de\/wp-content\/uploads\/2026\/01\/Rotek_Gruppenbild_Buero_erweitert-web-18x10.jpg 18w, https:\/\/www.rotek-motoren.de\/wp-content\/uploads\/2026\/01\/Rotek_Gruppenbild_Buero_erweitert-web.jpg 1920w\" sizes=\"(max-width: 1536px) 100vw, 1536px\" \/>\t\t\t\t\t\t\t\t\t\t\t\t\t\t\t<\/div>\n\t\t\t\t<\/div>\n\t\t<div class=\"elementor-element elementor-element-55602b6 e-flex e-con-boxed e-con e-child\" data-id=\"55602b6\" data-element_type=\"container\" data-e-type=\"container\">\n\t\t\t\t\t<div class=\"e-con-inner\">\n\t\t\t\t<div class=\"elementor-element elementor-element-4c9526f elementor-widget elementor-widget-heading\" data-id=\"4c9526f\" data-element_type=\"widget\" data-e-type=\"widget\" data-widget_type=\"heading.default\">\n\t\t\t\t<div class=\"elementor-widget-container\">\n\t\t\t\t\t<h1 class=\"elementor-heading-title elementor-size-default\">WE AT Rotek<\/h1>\t\t\t\t<\/div>\n\t\t\t\t<\/div>\n\t\t\t\t<div class=\"elementor-element elementor-element-05dcf95 elementor-widget elementor-widget-text-editor\" data-id=\"05dcf95\" data-element_type=\"widget\" data-e-type=\"widget\" data-widget_type=\"text-editor.default\">\n\t\t\t\t<div class=\"elementor-widget-container\">\n\t\t\t\t\t\t\t\t\t<p style=\"text-align: center;\">We at ROTEK have been building small electric motors for decades and have specialised in the production of small and medium-sized series. Precision motors from ROTEK are used in equipment and apparatus engineering, mechanical engineering, heating technology and intralogistics. We are constantly developing new drives according to customer requirements. As a result, we have developed into a global supplier specialising in individual drive solutions with a long service life.\u00a0<\/p>\t\t\t\t\t\t\t\t<\/div>\n\t\t\t\t<\/div>\n\t\t\t\t\t<\/div>\n\t\t\t\t<\/div>\n\t\t\t\t<\/div>\n\t\t<div class=\"elementor-element elementor-element-0dfcafb e-flex e-con-boxed e-con e-parent\" data-id=\"0dfcafb\" data-element_type=\"container\" data-e-type=\"container\">\n\t\t\t\t\t<div class=\"e-con-inner\">\n\t\t<div class=\"elementor-element elementor-element-54cbbb5 e-con-full e-flex e-con e-child\" data-id=\"54cbbb5\" data-element_type=\"container\" data-e-type=\"container\" data-settings=\"{&quot;background_background&quot;:&quot;classic&quot;}\">\n\t\t<div class=\"elementor-element elementor-element-f489530 e-con-full e-flex e-con e-child\" data-id=\"f489530\" data-element_type=\"container\" data-e-type=\"container\" data-settings=\"{&quot;background_background&quot;:&quot;classic&quot;}\">\n\t\t\t\t<\/div>\n\t\t<div class=\"elementor-element elementor-element-d04d15c e-con-full e-flex e-con e-child\" data-id=\"d04d15c\" data-element_type=\"container\" data-e-type=\"container\">\n\t\t\t\t<div class=\"elementor-element elementor-element-77b2186 elementor-widget elementor-widget-heading\" data-id=\"77b2186\" data-element_type=\"widget\" data-e-type=\"widget\" data-widget_type=\"heading.default\">\n\t\t\t\t<div class=\"elementor-widget-container\">\n\t\t\t\t\t<h3 class=\"elementor-heading-title elementor-size-default\">Company headquarters<\/h3>\t\t\t\t<\/div>\n\t\t\t\t<\/div>\n\t\t\t\t<div class=\"elementor-element elementor-element-02937bc elementor-widget-divider--view-line elementor-widget elementor-widget-divider\" data-id=\"02937bc\" data-element_type=\"widget\" data-e-type=\"widget\" data-widget_type=\"divider.default\">\n\t\t\t\t<div class=\"elementor-widget-container\">\n\t\t\t\t\t\t\t<div class=\"elementor-divider\">\n\t\t\t<span class=\"elementor-divider-separator\">\n\t\t\t\t\t\t<\/span>\n\t\t<\/div>\n\t\t\t\t\t\t<\/div>\n\t\t\t\t<\/div>\n\t\t\t\t<div class=\"elementor-element elementor-element-a281993 elementor-widget elementor-widget-text-editor\" data-id=\"a281993\" data-element_type=\"widget\" data-e-type=\"widget\" data-widget_type=\"text-editor.default\">\n\t\t\t\t<div class=\"elementor-widget-container\">\n\t\t\t\t\t\t\t\t\t<p>ROTEK GMBH &amp; CO. KG<br \/>Coloradostr. 11+13<br \/>27580 Bremerhaven<br \/>Germany<\/p><p>Phone: +49 471 98409-0<br \/>Fax: +49 471 98409-29<br \/>E-mail: info@rotek-motoren.de<\/p>\t\t\t\t\t\t\t\t<\/div>\n\t\t\t\t<\/div>\n\t\t\t\t<div class=\"elementor-element elementor-element-61234f3 elementor-widget elementor-widget-button\" data-id=\"61234f3\" data-element_type=\"widget\" data-e-type=\"widget\" data-widget_type=\"button.default\">\n\t\t\t\t<div class=\"elementor-widget-container\">\n\t\t\t\t\t\t\t\t\t<div class=\"elementor-button-wrapper\">\n\t\t\t\t\t<a class=\"elementor-button elementor-button-link elementor-size-sm\" href=\"mailto:info@rotek-motoren.de\">\n\t\t\t\t\t\t<span class=\"elementor-button-content-wrapper\">\n\t\t\t\t\t\t\t\t\t<span class=\"elementor-button-text\">e-mail<\/span>\n\t\t\t\t\t<\/span>\n\t\t\t\t\t<\/a>\n\t\t\t\t<\/div>\n\t\t\t\t\t\t\t\t<\/div>\n\t\t\t\t<\/div>\n\t\t\t\t<\/div>\n\t\t\t\t<\/div>\n\t\t\t\t\t<\/div>\n\t\t\t\t<\/div>\n\t\t\t\t<\/div>","protected":false},"excerpt":{"rendered":"<p>WIR BEI Rotek Wir bei ROTEK bauen seit Jahrzehnten Elektrokleinmotoren und haben uns auf die Produktion in kleinen und mittleren Serien spezialisiert. Pr\u00e4zisionsmotoren von ROTEK werden im Ger\u00e4te- und Apparatebau, im Maschinenbau, in der Heiztechnik und Intralogistik eingesetzt. St\u00e4ndig entstehen bei uns neue Antriebe nach Kundenwunsch. So haben wir uns zum weltweit liefernden Spezialisten f\u00fcr [&hellip;]<\/p>\n","protected":false},"author":1,"featured_media":0,"parent":0,"menu_order":0,"comment_status":"closed","ping_status":"closed","template":"","meta":{"inline_featured_image":false,"footnotes":""},"class_list":["post-19","page","type-page","status-publish","hentry"],"yoast_head":"<!-- This site is optimized with the Yoast SEO plugin v27.4 - https:\/\/yoast.com\/product\/yoast-seo-wordpress\/ -->\n<title>Kontakt - ROTEK Motoren &amp; Getriebe<\/title>\n<meta name=\"robots\" content=\"index, follow, max-snippet:-1, max-image-preview:large, max-video-preview:-1\" \/>\n<link rel=\"canonical\" href=\"https:\/\/www.rotek-motoren.de\/en\/kontakt\/\" \/>\n<meta property=\"og:locale\" content=\"en_GB\" \/>\n<meta property=\"og:type\" content=\"article\" \/>\n<meta property=\"og:title\" content=\"Kontakt - ROTEK Motoren &amp; Getriebe\" \/>\n<meta property=\"og:description\" content=\"WIR BEI Rotek Wir bei ROTEK bauen seit Jahrzehnten Elektrokleinmotoren und haben uns auf die Produktion in kleinen und mittleren Serien spezialisiert. Pr\u00e4zisionsmotoren von ROTEK werden im Ger\u00e4te- und Apparatebau, im Maschinenbau, in der Heiztechnik und Intralogistik eingesetzt. St\u00e4ndig entstehen bei uns neue Antriebe nach Kundenwunsch. So haben wir uns zum weltweit liefernden Spezialisten f\u00fcr [&hellip;]\" \/>\n<meta property=\"og:url\" content=\"https:\/\/www.rotek-motoren.de\/en\/kontakt\/\" \/>\n<meta property=\"og:site_name\" content=\"ROTEK Motoren &amp; Getriebe\" \/>\n<meta property=\"article:publisher\" content=\"https:\/\/www.facebook.com\/profile.php?id=100063808815163\" \/>\n<meta property=\"article:modified_time\" content=\"2026-01-22T08:29:12+00:00\" \/>\n<meta property=\"og:image\" content=\"https:\/\/www.rotek-motoren.de\/wp-content\/uploads\/2026\/01\/Rotek_Gruppenbild_Buero_erweitert-web-1536x841.jpg\" \/>\n<meta name=\"twitter:card\" content=\"summary_large_image\" \/>\n<meta name=\"twitter:label1\" content=\"Estimated reading time\" \/>\n\t<meta name=\"twitter:data1\" content=\"1 minute\" \/>\n<script type=\"application\/ld+json\" class=\"yoast-schema-graph\">{\"@context\":\"https:\\\/\\\/schema.org\",\"@graph\":[{\"@type\":\"WebPage\",\"@id\":\"https:\\\/\\\/www.rotek-motoren.de\\\/kontakt\\\/\",\"url\":\"https:\\\/\\\/www.rotek-motoren.de\\\/kontakt\\\/\",\"name\":\"Kontakt - ROTEK Motoren &amp; Getriebe\",\"isPartOf\":{\"@id\":\"https:\\\/\\\/www.rotek-motoren.de\\\/#website\"},\"primaryImageOfPage\":{\"@id\":\"https:\\\/\\\/www.rotek-motoren.de\\\/kontakt\\\/#primaryimage\"},\"image\":{\"@id\":\"https:\\\/\\\/www.rotek-motoren.de\\\/kontakt\\\/#primaryimage\"},\"thumbnailUrl\":\"https:\\\/\\\/www.rotek-motoren.de\\\/wp-content\\\/uploads\\\/2026\\\/01\\\/Rotek_Gruppenbild_Buero_erweitert-web-1536x841.jpg\",\"datePublished\":\"2022-07-23T11:16:07+00:00\",\"dateModified\":\"2026-01-22T08:29:12+00:00\",\"breadcrumb\":{\"@id\":\"https:\\\/\\\/www.rotek-motoren.de\\\/kontakt\\\/#breadcrumb\"},\"inLanguage\":\"en-GB\",\"potentialAction\":[{\"@type\":\"ReadAction\",\"target\":[\"https:\\\/\\\/www.rotek-motoren.de\\\/kontakt\\\/\"]}]},{\"@type\":\"ImageObject\",\"inLanguage\":\"en-GB\",\"@id\":\"https:\\\/\\\/www.rotek-motoren.de\\\/kontakt\\\/#primaryimage\",\"url\":\"https:\\\/\\\/www.rotek-motoren.de\\\/wp-content\\\/uploads\\\/2026\\\/01\\\/Rotek_Gruppenbild_Buero_erweitert-web-1536x841.jpg\",\"contentUrl\":\"https:\\\/\\\/www.rotek-motoren.de\\\/wp-content\\\/uploads\\\/2026\\\/01\\\/Rotek_Gruppenbild_Buero_erweitert-web-1536x841.jpg\"},{\"@type\":\"BreadcrumbList\",\"@id\":\"https:\\\/\\\/www.rotek-motoren.de\\\/kontakt\\\/#breadcrumb\",\"itemListElement\":[{\"@type\":\"ListItem\",\"position\":1,\"name\":\"Startseite\",\"item\":\"https:\\\/\\\/www.rotek-motoren.de\\\/\"},{\"@type\":\"ListItem\",\"position\":2,\"name\":\"Kontakt\"}]},{\"@type\":\"WebSite\",\"@id\":\"https:\\\/\\\/www.rotek-motoren.de\\\/#website\",\"url\":\"https:\\\/\\\/www.rotek-motoren.de\\\/\",\"name\":\"ROTEK Motoren &amp; Getriebe\",\"description\":\"ROTEK GmbH &amp; Co. KG\",\"publisher\":{\"@id\":\"https:\\\/\\\/www.rotek-motoren.de\\\/#organization\"},\"potentialAction\":[{\"@type\":\"SearchAction\",\"target\":{\"@type\":\"EntryPoint\",\"urlTemplate\":\"https:\\\/\\\/www.rotek-motoren.de\\\/?s={search_term_string}\"},\"query-input\":{\"@type\":\"PropertyValueSpecification\",\"valueRequired\":true,\"valueName\":\"search_term_string\"}}],\"inLanguage\":\"en-GB\"},{\"@type\":\"Organization\",\"@id\":\"https:\\\/\\\/www.rotek-motoren.de\\\/#organization\",\"name\":\"ROTEK GMBH & CO. KG\",\"url\":\"https:\\\/\\\/www.rotek-motoren.de\\\/\",\"logo\":{\"@type\":\"ImageObject\",\"inLanguage\":\"en-GB\",\"@id\":\"https:\\\/\\\/www.rotek-motoren.de\\\/#\\\/schema\\\/logo\\\/image\\\/\",\"url\":\"https:\\\/\\\/www.rotek-motoren.de\\\/wp-content\\\/uploads\\\/2022\\\/07\\\/header_logo_rotek.svg\",\"contentUrl\":\"https:\\\/\\\/www.rotek-motoren.de\\\/wp-content\\\/uploads\\\/2022\\\/07\\\/header_logo_rotek.svg\",\"width\":100,\"height\":100,\"caption\":\"ROTEK GMBH & CO. KG\"},\"image\":{\"@id\":\"https:\\\/\\\/www.rotek-motoren.de\\\/#\\\/schema\\\/logo\\\/image\\\/\"},\"sameAs\":[\"https:\\\/\\\/www.facebook.com\\\/profile.php?id=100063808815163\",\"https:\\\/\\\/www.linkedin.com\\\/company\\\/rotek-motoren\\\/\"]}]}<\/script>\n<!-- \/ Yoast SEO plugin. -->","yoast_head_json":{"title":"Kontakt - ROTEK Motoren &amp; Getriebe","robots":{"index":"index","follow":"follow","max-snippet":"max-snippet:-1","max-image-preview":"max-image-preview:large","max-video-preview":"max-video-preview:-1"},"canonical":"https:\/\/www.rotek-motoren.de\/en\/kontakt\/","og_locale":"en_GB","og_type":"article","og_title":"Kontakt - ROTEK Motoren &amp; Getriebe","og_description":"WIR BEI Rotek Wir bei ROTEK bauen seit Jahrzehnten Elektrokleinmotoren und haben uns auf die Produktion in kleinen und mittleren Serien spezialisiert. Pr\u00e4zisionsmotoren von ROTEK werden im Ger\u00e4te- und Apparatebau, im Maschinenbau, in der Heiztechnik und Intralogistik eingesetzt. St\u00e4ndig entstehen bei uns neue Antriebe nach Kundenwunsch. So haben wir uns zum weltweit liefernden Spezialisten f\u00fcr [&hellip;]","og_url":"https:\/\/www.rotek-motoren.de\/en\/kontakt\/","og_site_name":"ROTEK Motoren &amp; Getriebe","article_publisher":"https:\/\/www.facebook.com\/profile.php?id=100063808815163","article_modified_time":"2026-01-22T08:29:12+00:00","og_image":[{"url":"https:\/\/www.rotek-motoren.de\/wp-content\/uploads\/2026\/01\/Rotek_Gruppenbild_Buero_erweitert-web-1536x841.jpg","type":"","width":"","height":""}],"twitter_card":"summary_large_image","twitter_misc":{"Estimated reading time":"1 minute"},"schema":{"@context":"https:\/\/schema.org","@graph":[{"@type":"WebPage","@id":"https:\/\/www.rotek-motoren.de\/kontakt\/","url":"https:\/\/www.rotek-motoren.de\/kontakt\/","name":"Kontakt - ROTEK Motoren &amp; Getriebe","isPartOf":{"@id":"https:\/\/www.rotek-motoren.de\/#website"},"primaryImageOfPage":{"@id":"https:\/\/www.rotek-motoren.de\/kontakt\/#primaryimage"},"image":{"@id":"https:\/\/www.rotek-motoren.de\/kontakt\/#primaryimage"},"thumbnailUrl":"https:\/\/www.rotek-motoren.de\/wp-content\/uploads\/2026\/01\/Rotek_Gruppenbild_Buero_erweitert-web-1536x841.jpg","datePublished":"2022-07-23T11:16:07+00:00","dateModified":"2026-01-22T08:29:12+00:00","breadcrumb":{"@id":"https:\/\/www.rotek-motoren.de\/kontakt\/#breadcrumb"},"inLanguage":"en-GB","potentialAction":[{"@type":"ReadAction","target":["https:\/\/www.rotek-motoren.de\/kontakt\/"]}]},{"@type":"ImageObject","inLanguage":"en-GB","@id":"https:\/\/www.rotek-motoren.de\/kontakt\/#primaryimage","url":"https:\/\/www.rotek-motoren.de\/wp-content\/uploads\/2026\/01\/Rotek_Gruppenbild_Buero_erweitert-web-1536x841.jpg","contentUrl":"https:\/\/www.rotek-motoren.de\/wp-content\/uploads\/2026\/01\/Rotek_Gruppenbild_Buero_erweitert-web-1536x841.jpg"},{"@type":"BreadcrumbList","@id":"https:\/\/www.rotek-motoren.de\/kontakt\/#breadcrumb","itemListElement":[{"@type":"ListItem","position":1,"name":"Startseite","item":"https:\/\/www.rotek-motoren.de\/"},{"@type":"ListItem","position":2,"name":"Kontakt"}]},{"@type":"WebSite","@id":"https:\/\/www.rotek-motoren.de\/#website","url":"https:\/\/www.rotek-motoren.de\/","name":"ROTEK Motors &amp; Gearboxes","description":"ROTEK GmbH &amp; Co. KG","publisher":{"@id":"https:\/\/www.rotek-motoren.de\/#organization"},"potentialAction":[{"@type":"SearchAction","target":{"@type":"EntryPoint","urlTemplate":"https:\/\/www.rotek-motoren.de\/?s={search_term_string}"},"query-input":{"@type":"PropertyValueSpecification","valueRequired":true,"valueName":"search_term_string"}}],"inLanguage":"en-GB"},{"@type":"Organization","@id":"https:\/\/www.rotek-motoren.de\/#organization","name":"ROTEK GMBH &amp; CO. KG","url":"https:\/\/www.rotek-motoren.de\/","logo":{"@type":"ImageObject","inLanguage":"en-GB","@id":"https:\/\/www.rotek-motoren.de\/#\/schema\/logo\/image\/","url":"https:\/\/www.rotek-motoren.de\/wp-content\/uploads\/2022\/07\/header_logo_rotek.svg","contentUrl":"https:\/\/www.rotek-motoren.de\/wp-content\/uploads\/2022\/07\/header_logo_rotek.svg","width":100,"height":100,"caption":"ROTEK GMBH & CO. KG"},"image":{"@id":"https:\/\/www.rotek-motoren.de\/#\/schema\/logo\/image\/"},"sameAs":["https:\/\/www.facebook.com\/profile.php?id=100063808815163","https:\/\/www.linkedin.com\/company\/rotek-motoren\/"]}]}},"_links":{"self":[{"href":"https:\/\/www.rotek-motoren.de\/en\/wp-json\/wp\/v2\/pages\/19","targetHints":{"allow":["GET"]}}],"collection":[{"href":"https:\/\/www.rotek-motoren.de\/en\/wp-json\/wp\/v2\/pages"}],"about":[{"href":"https:\/\/www.rotek-motoren.de\/en\/wp-json\/wp\/v2\/types\/page"}],"author":[{"embeddable":true,"href":"https:\/\/www.rotek-motoren.de\/en\/wp-json\/wp\/v2\/users\/1"}],"replies":[{"embeddable":true,"href":"https:\/\/www.rotek-motoren.de\/en\/wp-json\/wp\/v2\/comments?post=19"}],"version-history":[{"count":6,"href":"https:\/\/www.rotek-motoren.de\/en\/wp-json\/wp\/v2\/pages\/19\/revisions"}],"predecessor-version":[{"id":31682,"href":"https:\/\/www.rotek-motoren.de\/en\/wp-json\/wp\/v2\/pages\/19\/revisions\/31682"}],"wp:attachment":[{"href":"https:\/\/www.rotek-motoren.de\/en\/wp-json\/wp\/v2\/media?parent=19"}],"curies":[{"name":"wp","href":"https:\/\/api.w.org\/{rel}","templated":true}]}}