{"id":12691,"date":"2022-05-30T16:19:34","date_gmt":"2022-05-30T14:19:34","guid":{"rendered":"http:\/\/entwicklung.rotek-motoren.de\/?page_id=12691"},"modified":"2025-11-24T08:09:35","modified_gmt":"2025-11-24T07:09:35","slug":"karriere-60-sekunden-bewerbung","status":"publish","type":"page","link":"https:\/\/www.rotek-motoren.de\/en\/karriere-60-sekunden-bewerbung\/","title":{"rendered":"Karriere &#8211; 60 Sekunden Bewerbung"},"content":{"rendered":"\t\t<div data-elementor-type=\"wp-page\" data-elementor-id=\"12691\" class=\"elementor elementor-12691\" data-elementor-post-type=\"page\">\n\t\t\t\t<div class=\"elementor-element elementor-element-faaaf2c e-flex e-con-boxed e-con e-parent\" data-id=\"faaaf2c\" data-element_type=\"container\" data-e-type=\"container\" data-settings=\"{&quot;background_background&quot;:&quot;classic&quot;}\">\n\t\t\t\t\t<div class=\"e-con-inner\">\n\t\t<div class=\"elementor-element elementor-element-fb83368 e-con-full e-flex e-con e-child\" data-id=\"fb83368\" data-element_type=\"container\" data-e-type=\"container\">\n\t\t\t\t<div class=\"elementor-element elementor-element-66bcdc0 elementor-widget elementor-widget-heading\" data-id=\"66bcdc0\" data-element_type=\"widget\" data-e-type=\"widget\" data-widget_type=\"heading.default\">\n\t\t\t\t<div class=\"elementor-widget-container\">\n\t\t\t\t\t<h2 class=\"elementor-heading-title elementor-size-default\">Lust auf eine neue Herausforderung?<\/h2>\t\t\t\t<\/div>\n\t\t\t\t<\/div>\n\t\t\t\t<div class=\"elementor-element elementor-element-3658fd9 elementor-widget elementor-widget-text-editor\" data-id=\"3658fd9\" data-element_type=\"widget\" data-e-type=\"widget\" data-widget_type=\"text-editor.default\">\n\t\t\t\t<div class=\"elementor-widget-container\">\n\t\t\t\t\t\t\t\t\t<p>Als wachsendes Unternehmen suchen wir laufend engagierte Mitarbeiter, die in unserem modernen, innovativen Unternehmen mit famili\u00e4rer Atmosph\u00e4re und flachen Hierarchien arbeiten m\u00f6chten.<\/p>\n<p>Rotek er\u00f6ffnet als Arbeitgeber berufliche Perspektiven und die M\u00f6glichkeit, den Erfolg des Unternehmens mitzugestalten.<\/p>\n<p>Bewerben Sie sich jetzt in der nebenstehenden 60-Sekunden-Bewerbung!<\/p>\t\t\t\t\t\t\t\t<\/div>\n\t\t\t\t<\/div>\n\t\t\t\t<\/div>\n\t\t<div class=\"elementor-element elementor-element-7105d05 e-con-full e-flex e-con e-child\" data-id=\"7105d05\" data-element_type=\"container\" data-e-type=\"container\" data-settings=\"{&quot;background_background&quot;:&quot;classic&quot;}\">\n\t\t\t\t<div class=\"elementor-element elementor-element-80a7224 elementor-widget elementor-widget-wpforms\" data-id=\"80a7224\" data-element_type=\"widget\" data-e-type=\"widget\" data-widget_type=\"wpforms.default\">\n\t\t\t\t<div class=\"elementor-widget-container\">\n\t\t\t\t\t<div class=\"wpforms-container \" id=\"wpforms-11552\"><form id=\"wpforms-form-11552\" class=\"wpforms-validate wpforms-form wpforms-ajax-form\" data-formid=\"11552\" method=\"post\" enctype=\"multipart\/form-data\" action=\"\/en\/wp-json\/wp\/v2\/pages\/12691?wpforms_form_id=11552\" data-token=\"2ad289d5a8ebf68756077ce984202c6e\" data-token-time=\"1776842060\"><noscript class=\"wpforms-error-noscript\">Please enable JavaScript in your browser to complete this form.<\/noscript><div class=\"wpforms-field-container\"><div id=\"wpforms-11552-field_4-container\" class=\"wpforms-field wpforms-field-select ro-button wpforms-field-select-style-classic\" data-field-id=\"4\"><label class=\"wpforms-field-label\" for=\"wpforms-11552-field_4\">Anrede<\/label><select id=\"wpforms-11552-field_4\" class=\"wpforms-field-medium\" name=\"wpforms[fields][4]\"><option value=\"Keine Angabe\"  class=\"choice-1 depth-1\"  >Keine Angabe<\/option><option value=\"Herr\"  class=\"choice-2 depth-1\"  >Herr<\/option><option value=\"Frau\"  class=\"choice-3 depth-1\"  >Frau<\/option><\/select><\/div><div id=\"wpforms-11552-field_0-container\" class=\"wpforms-field wpforms-field-name\" data-field-id=\"0\"><label class=\"wpforms-field-label\" for=\"wpforms-11552-field_0\">Name <span class=\"wpforms-required-label\">*<\/span><\/label><div class=\"wpforms-field-row wpforms-field-medium\"><div class=\"wpforms-field-row-block wpforms-first wpforms-one-half\"><input type=\"text\" id=\"wpforms-11552-field_0\" class=\"wpforms-field-name-first wpforms-field-required\" name=\"wpforms[fields][0][first]\" placeholder=\"Vorname\" required><label for=\"wpforms-11552-field_0\" class=\"wpforms-field-sublabel after wpforms-sublabel-hide\">First<\/label><\/div><div class=\"wpforms-field-row-block wpforms-one-half\"><input type=\"text\" id=\"wpforms-11552-field_0-last\" class=\"wpforms-field-name-last wpforms-field-required\" name=\"wpforms[fields][0][last]\" placeholder=\"Nachname\" required><label for=\"wpforms-11552-field_0-last\" class=\"wpforms-field-sublabel after wpforms-sublabel-hide\">Last<\/label><\/div><\/div><\/div><div id=\"wpforms-11552-field_1-container\" class=\"wpforms-field wpforms-field-email\" data-field-id=\"1\"><label class=\"wpforms-field-label\" for=\"wpforms-11552-field_1\">E-Mail <span class=\"wpforms-required-label\">*<\/span><\/label><input type=\"email\" id=\"wpforms-11552-field_1\" class=\"wpforms-field-medium wpforms-field-required\" name=\"wpforms[fields][1]\" spellcheck=\"false\" required><\/div><div id=\"wpforms-11552-field_10-container\" class=\"wpforms-field wpforms-field-select wpforms-field-select-style-classic\" data-field-id=\"10\"><label class=\"wpforms-field-label\" for=\"wpforms-11552-field_10\">F\u00fcr welchen Bereich interessieren Sie sich? <span class=\"wpforms-required-label\">*<\/span><\/label><select id=\"wpforms-11552-field_10\" class=\"wpforms-field-medium wpforms-field-required\" name=\"wpforms[fields][10]\" required=\"required\"><option value=\"Keine Auswahl\"  class=\"choice-16 depth-1\"  >Keine Auswahl<\/option><option value=\"Konstruktion &amp; Entwicklung\"  class=\"choice-19 depth-1\"  >Konstruktion &amp; Entwicklung<\/option><option value=\"Lagerlogistik\"  class=\"choice-7 depth-1\"  >Lagerlogistik<\/option><option value=\"Qualit\u00e4tsmanagement\"  class=\"choice-13 depth-1\"  >Qualit\u00e4tsmanagement<\/option><option value=\"Vertrieb\"  class=\"choice-2 depth-1\"  >Vertrieb<\/option><option value=\"Versand &amp; Logistik\"  class=\"choice-3 depth-1\"  >Versand &amp; Logistik<\/option><option value=\"Verwaltung\"  class=\"choice-4 depth-1\"  >Verwaltung<\/option><option value=\"Montage\"  class=\"choice-5 depth-1\"  >Montage<\/option><option value=\"Metallverarbeitung\"  class=\"choice-6 depth-1\"  >Metallverarbeitung<\/option><option value=\"Buchhaltung\"  class=\"choice-8 depth-1\"  >Buchhaltung<\/option><option value=\"Marketing\"  class=\"choice-9 depth-1\"  >Marketing<\/option><option value=\"Praktikum\"  class=\"choice-18 depth-1\"  >Praktikum<\/option><option value=\"Werkstudentent\u00e4tigkeit\"  class=\"choice-15 depth-1\"  >Werkstudentent\u00e4tigkeit<\/option><option value=\"Sonstige\"  class=\"choice-17 depth-1\"  >Sonstige<\/option><\/select><\/div><div id=\"wpforms-11552-field_8-container\" class=\"wpforms-field wpforms-field-text\" data-field-id=\"8\"><label class=\"wpforms-field-label\" for=\"wpforms-11552-field_8\">Was bringen Sie f\u00fcr den Job mit?<\/label><input type=\"text\" id=\"wpforms-11552-field_8\" class=\"wpforms-field-medium\" name=\"wpforms[fields][8]\" ><div class=\"wpforms-field-description\">Hier k\u00f6nnen Sie Ihre relevanten Berufserfahrungen, erworbenen Abschl\u00fcsse oder genommenen H\u00fcrden beschreiben.<\/div><\/div><div id=\"wpforms-11552-field_12-container\" class=\"wpforms-field wpforms-field-text\" data-field-id=\"12\"><label class=\"wpforms-field-label\" for=\"wpforms-11552-field_12\">Ab wann w\u00fcrden Sie gerne anfangen? <span class=\"wpforms-required-label\">*<\/span><\/label><input type=\"text\" id=\"wpforms-11552-field_12\" class=\"wpforms-field-medium wpforms-field-required\" name=\"wpforms[fields][12]\" required><\/div><div id=\"wpforms-11552-field_11-container\" class=\"wpforms-field wpforms-field-file-upload upload-bewerbung\" data-field-id=\"11\"><label class=\"wpforms-field-label\" for=\"wpforms-11552-field_11\">Lebenslauf hochladen<\/label><input type=\"file\" id=\"wpforms-11552-field_11\" data-rule-extension=\"jpg,jpeg,jpe,gif,png,bmp,tiff,tif,webp,avif,ico,heic,heif,heics,heifs,asf,asx,wmv,wmx,wm,avi,divx,mov,qt,mpeg,mpg,mpe,mp4,m4v,ogv,webm,mkv,3gp,3gpp,3g2,3gp2,txt,asc,c,cc,h,srt,csv,tsv,ics,rtx,css,vtt,mp3,m4a,m4b,aac,ra,ram,wav,x-wav,ogg,oga,flac,mid,midi,wma,wax,mka,rtf,pdf,class,tar,zip,gz,gzip,rar,7z,psd,xcf,doc,pot,pps,ppt,wri,xla,xls,xlt,xlw,mpp,docx,docm,dotx,dotm,xlsx,xlsm,xlsb,xltx,xltm,xlam,pptx,pptm,ppsx,ppsm,potx,potm,ppam,sldx,sldm,onetoc,onetoc2,onepkg,oxps,xps,odt,odp,ods,odg,odc,odb,odf,wp,wpd,key,numbers,pages\" data-rule-maxsize=\"67108864\" name=\"wpforms_11552_11\" accept=\".jpg,.jpeg,.jpe,.gif,.png,.bmp,.tiff,.tif,.webp,.avif,.ico,.heic,.heif,.heics,.heifs,.asf,.asx,.wmv,.wmx,.wm,.avi,.divx,.mov,.qt,.mpeg,.mpg,.mpe,.mp4,.m4v,.ogv,.webm,.mkv,.3gp,.3gpp,.3g2,.3gp2,.txt,.asc,.c,.cc,.h,.srt,.csv,.tsv,.ics,.rtx,.css,.vtt,.mp3,.m4a,.m4b,.aac,.ra,.ram,.wav,.x-wav,.ogg,.oga,.flac,.mid,.midi,.wma,.wax,.mka,.rtf,.pdf,.class,.tar,.zip,.gz,.gzip,.rar,.7z,.psd,.xcf,.doc,.pot,.pps,.ppt,.wri,.xla,.xls,.xlt,.xlw,.mpp,.docx,.docm,.dotx,.dotm,.xlsx,.xlsm,.xlsb,.xltx,.xltm,.xlam,.pptx,.pptm,.ppsx,.ppsm,.potx,.potm,.ppam,.sldx,.sldm,.onetoc,.onetoc2,.onepkg,.oxps,.xps,.odt,.odp,.ods,.odg,.odc,.odb,.odf,.wp,.wpd,.key,.numbers,.pages\" ><div class=\"wpforms-field-description\">Das Hochladen des Lebenslaufes ist freiwillig.<\/div><\/div><div id=\"wpforms-11552-field_14-container\" class=\"wpforms-field wpforms-field-checkbox\" data-field-id=\"14\"><label class=\"wpforms-field-label\">Einwilligungserkl\u00e4rung <span class=\"wpforms-required-label\">*<\/span><\/label><ul id=\"wpforms-11552-field_14\" class=\"wpforms-field-required\"><li class=\"choice-1 depth-1\"><input type=\"checkbox\" id=\"wpforms-11552-field_14_1\" name=\"wpforms[fields][14][]\" value=\"Ich habe die Datenschutzerkl\u00e4rung zur Kenntnis genommen. Ich stimme zu, dass meine Angaben und Daten zur Beantwortung meiner Anfrage elektronisch erhoben und gespeichert werden.\" required ><label class=\"wpforms-field-label-inline\" for=\"wpforms-11552-field_14_1\">Ich habe die Datenschutzerkl\u00e4rung zur Kenntnis genommen. Ich stimme zu, dass meine Angaben und Daten zur Beantwortung meiner Anfrage elektronisch erhoben und gespeichert werden.<\/label><\/li><\/ul><div class=\"wpforms-field-description\">Hinweis: Sie k\u00f6nnen Ihre Einwilligung jederzeit f\u00fcr die Zukunft per E-Mail an info@rotek-motoren.de widerrufen.<\/div><\/div><\/div><!-- .wpforms-field-container --><div class=\"wpforms-submit-container\" ><input type=\"hidden\" name=\"wpforms[id]\" value=\"11552\"><input type=\"hidden\" name=\"page_title\" value=\"\"><input type=\"hidden\" name=\"page_url\" value=\"https:\/\/www.rotek-motoren.de\/en\/wp-json\/wp\/v2\/pages\/12691\"><input type=\"hidden\" name=\"url_referer\" value=\"\"><button type=\"submit\" name=\"wpforms[submit]\" id=\"wpforms-submit-11552\" class=\"wpforms-submit ro-button\" data-alt-text=\"Sendet...\" data-submit-text=\"Abschicken\" aria-live=\"assertive\" value=\"wpforms-submit\">Abschicken<\/button><img decoding=\"async\" src=\"https:\/\/www.rotek-motoren.de\/wp-content\/plugins\/wpforms\/assets\/images\/submit-spin.svg\" class=\"wpforms-submit-spinner\" style=\"display: none;\" width=\"26\" height=\"26\" alt=\"Loading\"><\/div><\/form><\/div>  <!-- .wpforms-container -->\t\t\t\t<\/div>\n\t\t\t\t<\/div>\n\t\t\t\t<\/div>\n\t\t\t\t\t<\/div>\n\t\t\t\t<\/div>\n\t\t\t\t<\/div>\n\t\t","protected":false},"excerpt":{"rendered":"<p>Lust auf eine neue Herausforderung? Als wachsendes Unternehmen suchen wir laufend engagierte Mitarbeiter, die in unserem modernen, innovativen Unternehmen mit famili\u00e4rer Atmosph\u00e4re und flachen Hierarchien arbeiten m\u00f6chten. Rotek er\u00f6ffnet als Arbeitgeber berufliche Perspektiven und die M\u00f6glichkeit, den Erfolg des Unternehmens mitzugestalten. Bewerben Sie sich jetzt in der nebenstehenden 60-Sekunden-Bewerbung! Bitte aktivieren Sie JavaScript in Ihrem [&hellip;]<\/p>\n","protected":false},"author":4,"featured_media":0,"parent":0,"menu_order":0,"comment_status":"closed","ping_status":"closed","template":"","meta":{"inline_featured_image":false,"footnotes":""},"class_list":["post-12691","page","type-page","status-publish","hentry"],"yoast_head":"<!-- This site is optimized with the Yoast SEO plugin v27.4 - https:\/\/yoast.com\/product\/yoast-seo-wordpress\/ -->\n<title>Karriere - 60 Sekunden Bewerbung - ROTEK Motoren &amp; Getriebe<\/title>\n<meta name=\"robots\" content=\"index, follow, max-snippet:-1, max-image-preview:large, max-video-preview:-1\" \/>\n<link rel=\"canonical\" href=\"https:\/\/www.rotek-motoren.de\/en\/karriere-60-sekunden-bewerbung\/\" \/>\n<meta property=\"og:locale\" content=\"en_GB\" \/>\n<meta property=\"og:type\" content=\"article\" \/>\n<meta property=\"og:title\" content=\"Karriere - 60 Sekunden Bewerbung - ROTEK Motoren &amp; Getriebe\" \/>\n<meta property=\"og:description\" content=\"Lust auf eine neue Herausforderung? Als wachsendes Unternehmen suchen wir laufend engagierte Mitarbeiter, die in unserem modernen, innovativen Unternehmen mit famili\u00e4rer Atmosph\u00e4re und flachen Hierarchien arbeiten m\u00f6chten. Rotek er\u00f6ffnet als Arbeitgeber berufliche Perspektiven und die M\u00f6glichkeit, den Erfolg des Unternehmens mitzugestalten. Bewerben Sie sich jetzt in der nebenstehenden 60-Sekunden-Bewerbung! Bitte aktivieren Sie JavaScript in Ihrem [&hellip;]\" \/>\n<meta property=\"og:url\" content=\"https:\/\/www.rotek-motoren.de\/en\/karriere-60-sekunden-bewerbung\/\" \/>\n<meta property=\"og:site_name\" content=\"ROTEK Motoren &amp; Getriebe\" \/>\n<meta property=\"article:publisher\" content=\"https:\/\/www.facebook.com\/profile.php?id=100063808815163\" \/>\n<meta property=\"article:modified_time\" content=\"2025-11-24T07:09:35+00:00\" \/>\n<meta property=\"og:image\" content=\"https:\/\/www.rotek-motoren.de\/wp-content\/plugins\/wpforms\/assets\/images\/submit-spin.svg\" \/>\n<meta name=\"twitter:card\" content=\"summary_large_image\" \/>\n<meta name=\"twitter:label1\" content=\"Estimated reading time\" \/>\n\t<meta name=\"twitter:data1\" content=\"1 minute\" \/>\n<script type=\"application\/ld+json\" class=\"yoast-schema-graph\">{\"@context\":\"https:\\\/\\\/schema.org\",\"@graph\":[{\"@type\":\"WebPage\",\"@id\":\"https:\\\/\\\/www.rotek-motoren.de\\\/karriere-60-sekunden-bewerbung\\\/\",\"url\":\"https:\\\/\\\/www.rotek-motoren.de\\\/karriere-60-sekunden-bewerbung\\\/\",\"name\":\"Karriere - 60 Sekunden Bewerbung - ROTEK Motoren &amp; Getriebe\",\"isPartOf\":{\"@id\":\"https:\\\/\\\/www.rotek-motoren.de\\\/#website\"},\"primaryImageOfPage\":{\"@id\":\"https:\\\/\\\/www.rotek-motoren.de\\\/karriere-60-sekunden-bewerbung\\\/#primaryimage\"},\"image\":{\"@id\":\"https:\\\/\\\/www.rotek-motoren.de\\\/karriere-60-sekunden-bewerbung\\\/#primaryimage\"},\"thumbnailUrl\":\"https:\\\/\\\/www.rotek-motoren.de\\\/wp-content\\\/plugins\\\/wpforms\\\/assets\\\/images\\\/submit-spin.svg\",\"datePublished\":\"2022-05-30T14:19:34+00:00\",\"dateModified\":\"2025-11-24T07:09:35+00:00\",\"breadcrumb\":{\"@id\":\"https:\\\/\\\/www.rotek-motoren.de\\\/karriere-60-sekunden-bewerbung\\\/#breadcrumb\"},\"inLanguage\":\"en-GB\",\"potentialAction\":[{\"@type\":\"ReadAction\",\"target\":[\"https:\\\/\\\/www.rotek-motoren.de\\\/karriere-60-sekunden-bewerbung\\\/\"]}]},{\"@type\":\"ImageObject\",\"inLanguage\":\"en-GB\",\"@id\":\"https:\\\/\\\/www.rotek-motoren.de\\\/karriere-60-sekunden-bewerbung\\\/#primaryimage\",\"url\":\"https:\\\/\\\/www.rotek-motoren.de\\\/wp-content\\\/plugins\\\/wpforms\\\/assets\\\/images\\\/submit-spin.svg\",\"contentUrl\":\"https:\\\/\\\/www.rotek-motoren.de\\\/wp-content\\\/plugins\\\/wpforms\\\/assets\\\/images\\\/submit-spin.svg\"},{\"@type\":\"BreadcrumbList\",\"@id\":\"https:\\\/\\\/www.rotek-motoren.de\\\/karriere-60-sekunden-bewerbung\\\/#breadcrumb\",\"itemListElement\":[{\"@type\":\"ListItem\",\"position\":1,\"name\":\"Startseite\",\"item\":\"https:\\\/\\\/www.rotek-motoren.de\\\/\"},{\"@type\":\"ListItem\",\"position\":2,\"name\":\"Karriere &#8211; 60 Sekunden Bewerbung\"}]},{\"@type\":\"WebSite\",\"@id\":\"https:\\\/\\\/www.rotek-motoren.de\\\/#website\",\"url\":\"https:\\\/\\\/www.rotek-motoren.de\\\/\",\"name\":\"ROTEK Motoren &amp; Getriebe\",\"description\":\"ROTEK GmbH &amp; Co. KG\",\"publisher\":{\"@id\":\"https:\\\/\\\/www.rotek-motoren.de\\\/#organization\"},\"potentialAction\":[{\"@type\":\"SearchAction\",\"target\":{\"@type\":\"EntryPoint\",\"urlTemplate\":\"https:\\\/\\\/www.rotek-motoren.de\\\/?s={search_term_string}\"},\"query-input\":{\"@type\":\"PropertyValueSpecification\",\"valueRequired\":true,\"valueName\":\"search_term_string\"}}],\"inLanguage\":\"en-GB\"},{\"@type\":\"Organization\",\"@id\":\"https:\\\/\\\/www.rotek-motoren.de\\\/#organization\",\"name\":\"ROTEK GMBH & CO. KG\",\"url\":\"https:\\\/\\\/www.rotek-motoren.de\\\/\",\"logo\":{\"@type\":\"ImageObject\",\"inLanguage\":\"en-GB\",\"@id\":\"https:\\\/\\\/www.rotek-motoren.de\\\/#\\\/schema\\\/logo\\\/image\\\/\",\"url\":\"https:\\\/\\\/www.rotek-motoren.de\\\/wp-content\\\/uploads\\\/2022\\\/07\\\/header_logo_rotek.svg\",\"contentUrl\":\"https:\\\/\\\/www.rotek-motoren.de\\\/wp-content\\\/uploads\\\/2022\\\/07\\\/header_logo_rotek.svg\",\"width\":100,\"height\":100,\"caption\":\"ROTEK GMBH & CO. KG\"},\"image\":{\"@id\":\"https:\\\/\\\/www.rotek-motoren.de\\\/#\\\/schema\\\/logo\\\/image\\\/\"},\"sameAs\":[\"https:\\\/\\\/www.facebook.com\\\/profile.php?id=100063808815163\",\"https:\\\/\\\/www.linkedin.com\\\/company\\\/rotek-motoren\\\/\"]}]}<\/script>\n<!-- \/ Yoast SEO plugin. -->","yoast_head_json":{"title":"Karriere - 60 Sekunden Bewerbung - ROTEK Motoren &amp; Getriebe","robots":{"index":"index","follow":"follow","max-snippet":"max-snippet:-1","max-image-preview":"max-image-preview:large","max-video-preview":"max-video-preview:-1"},"canonical":"https:\/\/www.rotek-motoren.de\/en\/karriere-60-sekunden-bewerbung\/","og_locale":"en_GB","og_type":"article","og_title":"Karriere - 60 Sekunden Bewerbung - ROTEK Motoren &amp; Getriebe","og_description":"Lust auf eine neue Herausforderung? Als wachsendes Unternehmen suchen wir laufend engagierte Mitarbeiter, die in unserem modernen, innovativen Unternehmen mit famili\u00e4rer Atmosph\u00e4re und flachen Hierarchien arbeiten m\u00f6chten. Rotek er\u00f6ffnet als Arbeitgeber berufliche Perspektiven und die M\u00f6glichkeit, den Erfolg des Unternehmens mitzugestalten. Bewerben Sie sich jetzt in der nebenstehenden 60-Sekunden-Bewerbung! Bitte aktivieren Sie JavaScript in Ihrem [&hellip;]","og_url":"https:\/\/www.rotek-motoren.de\/en\/karriere-60-sekunden-bewerbung\/","og_site_name":"ROTEK Motoren &amp; Getriebe","article_publisher":"https:\/\/www.facebook.com\/profile.php?id=100063808815163","article_modified_time":"2025-11-24T07:09:35+00:00","og_image":[{"url":"https:\/\/www.rotek-motoren.de\/wp-content\/plugins\/wpforms\/assets\/images\/submit-spin.svg","type":"","width":"","height":""}],"twitter_card":"summary_large_image","twitter_misc":{"Estimated reading time":"1 minute"},"schema":{"@context":"https:\/\/schema.org","@graph":[{"@type":"WebPage","@id":"https:\/\/www.rotek-motoren.de\/karriere-60-sekunden-bewerbung\/","url":"https:\/\/www.rotek-motoren.de\/karriere-60-sekunden-bewerbung\/","name":"Karriere - 60 Sekunden Bewerbung - ROTEK Motoren &amp; Getriebe","isPartOf":{"@id":"https:\/\/www.rotek-motoren.de\/#website"},"primaryImageOfPage":{"@id":"https:\/\/www.rotek-motoren.de\/karriere-60-sekunden-bewerbung\/#primaryimage"},"image":{"@id":"https:\/\/www.rotek-motoren.de\/karriere-60-sekunden-bewerbung\/#primaryimage"},"thumbnailUrl":"https:\/\/www.rotek-motoren.de\/wp-content\/plugins\/wpforms\/assets\/images\/submit-spin.svg","datePublished":"2022-05-30T14:19:34+00:00","dateModified":"2025-11-24T07:09:35+00:00","breadcrumb":{"@id":"https:\/\/www.rotek-motoren.de\/karriere-60-sekunden-bewerbung\/#breadcrumb"},"inLanguage":"en-GB","potentialAction":[{"@type":"ReadAction","target":["https:\/\/www.rotek-motoren.de\/karriere-60-sekunden-bewerbung\/"]}]},{"@type":"ImageObject","inLanguage":"en-GB","@id":"https:\/\/www.rotek-motoren.de\/karriere-60-sekunden-bewerbung\/#primaryimage","url":"https:\/\/www.rotek-motoren.de\/wp-content\/plugins\/wpforms\/assets\/images\/submit-spin.svg","contentUrl":"https:\/\/www.rotek-motoren.de\/wp-content\/plugins\/wpforms\/assets\/images\/submit-spin.svg"},{"@type":"BreadcrumbList","@id":"https:\/\/www.rotek-motoren.de\/karriere-60-sekunden-bewerbung\/#breadcrumb","itemListElement":[{"@type":"ListItem","position":1,"name":"Startseite","item":"https:\/\/www.rotek-motoren.de\/"},{"@type":"ListItem","position":2,"name":"Karriere &#8211; 60 Sekunden Bewerbung"}]},{"@type":"WebSite","@id":"https:\/\/www.rotek-motoren.de\/#website","url":"https:\/\/www.rotek-motoren.de\/","name":"ROTEK Motors &amp; Gearboxes","description":"ROTEK GmbH &amp; Co. KG","publisher":{"@id":"https:\/\/www.rotek-motoren.de\/#organization"},"potentialAction":[{"@type":"SearchAction","target":{"@type":"EntryPoint","urlTemplate":"https:\/\/www.rotek-motoren.de\/?s={search_term_string}"},"query-input":{"@type":"PropertyValueSpecification","valueRequired":true,"valueName":"search_term_string"}}],"inLanguage":"en-GB"},{"@type":"Organization","@id":"https:\/\/www.rotek-motoren.de\/#organization","name":"ROTEK GMBH &amp; CO. KG","url":"https:\/\/www.rotek-motoren.de\/","logo":{"@type":"ImageObject","inLanguage":"en-GB","@id":"https:\/\/www.rotek-motoren.de\/#\/schema\/logo\/image\/","url":"https:\/\/www.rotek-motoren.de\/wp-content\/uploads\/2022\/07\/header_logo_rotek.svg","contentUrl":"https:\/\/www.rotek-motoren.de\/wp-content\/uploads\/2022\/07\/header_logo_rotek.svg","width":100,"height":100,"caption":"ROTEK GMBH & CO. KG"},"image":{"@id":"https:\/\/www.rotek-motoren.de\/#\/schema\/logo\/image\/"},"sameAs":["https:\/\/www.facebook.com\/profile.php?id=100063808815163","https:\/\/www.linkedin.com\/company\/rotek-motoren\/"]}]}},"_links":{"self":[{"href":"https:\/\/www.rotek-motoren.de\/en\/wp-json\/wp\/v2\/pages\/12691","targetHints":{"allow":["GET"]}}],"collection":[{"href":"https:\/\/www.rotek-motoren.de\/en\/wp-json\/wp\/v2\/pages"}],"about":[{"href":"https:\/\/www.rotek-motoren.de\/en\/wp-json\/wp\/v2\/types\/page"}],"author":[{"embeddable":true,"href":"https:\/\/www.rotek-motoren.de\/en\/wp-json\/wp\/v2\/users\/4"}],"replies":[{"embeddable":true,"href":"https:\/\/www.rotek-motoren.de\/en\/wp-json\/wp\/v2\/comments?post=12691"}],"version-history":[{"count":3,"href":"https:\/\/www.rotek-motoren.de\/en\/wp-json\/wp\/v2\/pages\/12691\/revisions"}],"predecessor-version":[{"id":31402,"href":"https:\/\/www.rotek-motoren.de\/en\/wp-json\/wp\/v2\/pages\/12691\/revisions\/31402"}],"wp:attachment":[{"href":"https:\/\/www.rotek-motoren.de\/en\/wp-json\/wp\/v2\/media?parent=12691"}],"curies":[{"name":"wp","href":"https:\/\/api.w.org\/{rel}","templated":true}]}}